{"id":9672,"date":"2025-09-29T14:51:59","date_gmt":"2025-09-29T18:51:59","guid":{"rendered":"https:\/\/www.escueladeverano.cr2.cl\/?page_id=9672"},"modified":"2025-09-30T19:40:11","modified_gmt":"2025-09-30T23:40:11","slug":"contexto","status":"publish","type":"page","link":"https:\/\/www.escueladeverano.cr2.cl\/index.php\/contexto\/","title":{"rendered":"Contexto"},"content":{"rendered":"\t\t<div data-elementor-type=\"wp-page\" data-elementor-id=\"9672\" class=\"elementor elementor-9672\">\n\t\t\t\t\t\t<section class=\"elementor-section elementor-top-section elementor-element elementor-element-1cf472d elementor-section-boxed elementor-section-height-default elementor-section-height-default wpr-particle-no wpr-jarallax-no wpr-parallax-no wpr-sticky-section-no\" data-id=\"1cf472d\" data-element_type=\"section\" data-settings=\"{&quot;background_background&quot;:&quot;classic&quot;}\">\n\t\t\t\t\t\t\t<div class=\"elementor-background-overlay\"><\/div>\n\t\t\t\t\t\t\t<div class=\"elementor-container elementor-column-gap-default\">\n\t\t\t\t\t<div class=\"elementor-column elementor-col-100 elementor-top-column elementor-element elementor-element-d339750\" data-id=\"d339750\" data-element_type=\"column\">\n\t\t\t<div class=\"elementor-widget-wrap elementor-element-populated\">\n\t\t\t\t\t\t<div class=\"elementor-element elementor-element-33ed139 elementor-widget elementor-widget-heading\" data-id=\"33ed139\" data-element_type=\"widget\" data-widget_type=\"heading.default\">\n\t\t\t\t<div class=\"elementor-widget-container\">\n\t\t\t\t\t<h2 class=\"elementor-heading-title elementor-size-default\">Contexto<\/h2>\t\t\t\t<\/div>\n\t\t\t\t<\/div>\n\t\t\t\t\t<\/div>\n\t\t<\/div>\n\t\t\t\t\t<\/div>\n\t\t<\/section>\n\t\t\t\t<section class=\"elementor-section elementor-top-section elementor-element elementor-element-39d6be1 elementor-section-boxed elementor-section-height-default elementor-section-height-default wpr-particle-no wpr-jarallax-no wpr-parallax-no wpr-sticky-section-no\" data-id=\"39d6be1\" data-element_type=\"section\">\n\t\t\t\t\t\t<div class=\"elementor-container elementor-column-gap-default\">\n\t\t\t\t\t<div class=\"elementor-column elementor-col-50 elementor-top-column elementor-element elementor-element-0079843\" data-id=\"0079843\" data-element_type=\"column\">\n\t\t\t<div class=\"elementor-widget-wrap elementor-element-populated\">\n\t\t\t\t\t\t<div class=\"elementor-element elementor-element-c4b8a63 elementor-widget elementor-widget-text-editor\" data-id=\"c4b8a63\" data-element_type=\"widget\" data-widget_type=\"text-editor.default\">\n\t\t\t\t<div class=\"elementor-widget-container\">\n\t\t\t\t\t\t\t\t\t<p>El cambio clim\u00e1tico plantea desaf\u00edos sin precedentes para las sociedades contempor\u00e1neas, exigiendo respuestas integradas que trascienden los l\u00edmites disciplinarios y sectoriales. En este contexto, las universidades y centros de investigaci\u00f3n est\u00e1n llamados a formar profesionales con competencias para comprender, dialogar y actuar frente a problemas complejos (Amigo y Urquiza, 2022).<\/p><p>En este escenario, es posible observar los eventos extremos clim\u00e1ticos como la punta del iceberg de los cambios en la frecuencia e intensidad de las amenazas clim\u00e1ticas. Si bien los eventos extremos emergen de la interacci\u00f3n compleja entre m\u00faltiples factores tanto naturales como sociales, es posible observar que su comportamiento cambia r\u00e1pidamente a medida que avanza el calentamiento global (Guzm\u00e1n, 2021; IPCC, 2023).<\/p>\t\t\t\t\t\t\t\t<\/div>\n\t\t\t\t<\/div>\n\t\t\t\t\t<\/div>\n\t\t<\/div>\n\t\t\t\t<div class=\"elementor-column elementor-col-50 elementor-top-column elementor-element elementor-element-367aa9e\" data-id=\"367aa9e\" data-element_type=\"column\">\n\t\t\t<div class=\"elementor-widget-wrap elementor-element-populated\">\n\t\t\t\t\t\t<div class=\"elementor-element elementor-element-88f7754 elementor-widget elementor-widget-text-editor\" data-id=\"88f7754\" data-element_type=\"widget\" data-widget_type=\"text-editor.default\">\n\t\t\t\t<div class=\"elementor-widget-container\">\n\t\t\t\t\t\t\t\t\t<p>Los eventos extremos clim\u00e1ticos pueden ser definidos -en t\u00e9rminos generales-, como fen\u00f3menos clim\u00e1ticos que interrumpen los patrones habituales de variabilidad clim\u00e1tica y se presentan en forma de olas de calor, sequ\u00edas prolongadas, lluvias torrenciales, tornados o trombas, incendios forestales o inundaciones.<\/p><p>Estos eventos generan impactos importantes en comunidades, ecosistemas e infraestructuras (Herring, 2020). M\u00e1s espec\u00edficamente, se considera que un evento extremo ocurre cuando las condiciones clim\u00e1ticas -como la temperatura, la precipitaci\u00f3n o el viento, superan o caen por debajo de ciertos umbrales cr\u00edticos, situ\u00e1ndose en cifras extremas dentro del rango de registros hist\u00f3ricos disponibles (IPCC, 2018).<\/p>\t\t\t\t\t\t\t\t<\/div>\n\t\t\t\t<\/div>\n\t\t\t\t\t<\/div>\n\t\t<\/div>\n\t\t\t\t\t<\/div>\n\t\t<\/section>\n\t\t<div class=\"elementor-element elementor-element-68dbc2a e-flex e-con-boxed wpr-particle-no wpr-jarallax-no wpr-parallax-no wpr-sticky-section-no e-con e-parent\" data-id=\"68dbc2a\" data-element_type=\"container\" data-settings=\"{&quot;background_background&quot;:&quot;classic&quot;}\">\n\t\t\t\t\t<div class=\"e-con-inner\">\n\t\t\t\t<div class=\"elementor-element elementor-element-b4b44e3 elementor-widget elementor-widget-text-editor\" data-id=\"b4b44e3\" data-element_type=\"widget\" data-widget_type=\"text-editor.default\">\n\t\t\t\t<div class=\"elementor-widget-container\">\n\t\t\t\t\t\t\t\t\t<p>Si observamos los \u00faltimos 25 a\u00f1os en Chile, es posible identificar diversos eventos extremos con importantes impactos sociales y en los ecosistemas, destacando entre ellos a:<\/p>\t\t\t\t\t\t\t\t<\/div>\n\t\t\t\t<\/div>\n\t\t\t\t\t<\/div>\n\t\t\t\t<\/div>\n\t\t<div class=\"elementor-element elementor-element-ce0fbfd e-flex e-con-boxed wpr-particle-no wpr-jarallax-no wpr-parallax-no wpr-sticky-section-no e-con e-parent\" data-id=\"ce0fbfd\" data-element_type=\"container\" data-settings=\"{&quot;background_background&quot;:&quot;classic&quot;}\">\n\t\t\t\t\t<div class=\"e-con-inner\">\n\t\t<div class=\"elementor-element elementor-element-6b41a48 e-con-full e-flex wpr-particle-no wpr-jarallax-no wpr-parallax-no wpr-sticky-section-no e-con e-child\" data-id=\"6b41a48\" data-element_type=\"container\">\n\t\t\t\t<div class=\"elementor-element elementor-element-36a51e9 elementor-widget elementor-widget-text-editor\" data-id=\"36a51e9\" data-element_type=\"widget\" data-widget_type=\"text-editor.default\">\n\t\t\t\t<div class=\"elementor-widget-container\">\n\t\t\t\t\t\t\t\t\t<p><strong>Eventos Hidrometeorol\u00f3gicos<\/strong><\/p><ul><li>2002: Grandes tormentas pluviales en la zona central y marejadas costeras.<\/li><li>2021: R\u00edo atmosf\u00e9rico en verano en Chile central, que provoc\u00f3 interrupciones en servicios b\u00e1sicos.<\/li><li>2023: R\u00edo atmosf\u00e9rico de categor\u00eda 4 (en una escala m\u00e1xima de 5), con lluvias intensas e isoterma cero elevada, causando crecidas e inundaciones en las regiones de Valpara\u00edso, Metropolitana, O\u2019Higgins, Maule, \u00d1uble y Biob\u00edo.<\/li><\/ul>\t\t\t\t\t\t\t\t<\/div>\n\t\t\t\t<\/div>\n\t\t\t\t<div class=\"elementor-element elementor-element-a4b8e52 elementor-widget elementor-widget-text-editor\" data-id=\"a4b8e52\" data-element_type=\"widget\" data-widget_type=\"text-editor.default\">\n\t\t\t\t<div class=\"elementor-widget-container\">\n\t\t\t\t\t\t\t\t\t<p><strong>Incendios Forestales<\/strong><\/p><ul><li>2014: Incendios en la Regi\u00f3n de Valpara\u00edso, afectando zonas urbanas de Valpara\u00edso y Vi\u00f1a del Mar.<\/li><li>2017: Entre los meses de enero y febrero de 2017 la zona centro sur del pa\u00eds en Chile experiment\u00f3 uno de los megaincendios m\u00e1s grandes en su historia. La cantidad de energ\u00eda cal\u00f3rica liberada durante los meses que dur\u00f3 este evento super\u00f3 las escalas hasta ese entonces utilizadas internacionalmente. Las cifras oficiales indican que 529.974 hect\u00e1reas fueron arrasadas por el fuego. Si bien, el mayor da\u00f1o se produjo en zonas forestales, un conjunto de zonas de interfaz forestal se vio afectada con un saldo total de 3.000 viviendas perdidas y 11 personas fallecidas<\/li><li>2024: Mega incendio de Valpara\u00edso con al menos 137 personas fallecidas, m\u00e1s de 1.100 heridos, y cerca de 9.429 hect\u00e1reas quemadas, incluyendo zonas urbanas, agr\u00edcolas y forestales.<\/li><\/ul>\t\t\t\t\t\t\t\t<\/div>\n\t\t\t\t<\/div>\n\t\t\t\t<div class=\"elementor-element elementor-element-b347e60 elementor-widget elementor-widget-text-editor\" data-id=\"b347e60\" data-element_type=\"widget\" data-widget_type=\"text-editor.default\">\n\t\t\t\t<div class=\"elementor-widget-container\">\n\t\t\t\t\t\t\t\t\t<p><strong>Tornados<\/strong><\/p><ul><li>2019: Tornados en las regiones del Biob\u00edo y La Araucan\u00eda.<\/li><li>2025: Tornado de Puerto Varas.<\/li><\/ul>\t\t\t\t\t\t\t\t<\/div>\n\t\t\t\t<\/div>\n\t\t\t\t<\/div>\n\t\t<div class=\"elementor-element elementor-element-83f9301 e-con-full e-flex wpr-particle-no wpr-jarallax-no wpr-parallax-no wpr-sticky-section-no e-con e-child\" data-id=\"83f9301\" data-element_type=\"container\">\n\t\t\t\t<div class=\"elementor-element elementor-element-9a5c4b3 elementor-widget elementor-widget-text-editor\" data-id=\"9a5c4b3\" data-element_type=\"widget\" data-widget_type=\"text-editor.default\">\n\t\t\t\t<div class=\"elementor-widget-container\">\n\t\t\t\t\t\t\t\t\t<p><strong>Aluviones y deslizamientos<\/strong><\/p><ul><li>2012: Aluvi\u00f3n en el r\u00edo Las Minas, Regi\u00f3n de Magallanes.<\/li><li>2015: Aluvi\u00f3n en Atacama, con cerca de un centenar de muertos y da\u00f1os millonarios en infraestructura.<\/li><li>2017: Aluviones en el Caj\u00f3n del Maipo y en Villa Santa Luc\u00eda (Chait\u00e9n, Regi\u00f3n de Los Lagos).<\/li><\/ul>\t\t\t\t\t\t\t\t<\/div>\n\t\t\t\t<\/div>\n\t\t\t\t<div class=\"elementor-element elementor-element-66ad39a elementor-widget elementor-widget-text-editor\" data-id=\"66ad39a\" data-element_type=\"widget\" data-widget_type=\"text-editor.default\">\n\t\t\t\t<div class=\"elementor-widget-container\">\n\t\t\t\t\t\t\t\t\t<p><strong>Sequ\u00edas<\/strong><\/p><ul><li>2010\u20132022: Megasequ\u00eda que afect\u00f3 principalmente entre las regiones de Coquimbo y Maule.<\/li><li>2019: Hipersequ\u00eda, con impactos severos en el bosque escler\u00f3filo.<\/li><\/ul>\t\t\t\t\t\t\t\t<\/div>\n\t\t\t\t<\/div>\n\t\t\t\t<div class=\"elementor-element elementor-element-b6ef84d elementor-widget elementor-widget-video\" data-id=\"b6ef84d\" data-element_type=\"widget\" data-settings=\"{&quot;video_type&quot;:&quot;hosted&quot;,&quot;autoplay&quot;:&quot;yes&quot;,&quot;play_on_mobile&quot;:&quot;yes&quot;,&quot;mute&quot;:&quot;yes&quot;,&quot;loop&quot;:&quot;yes&quot;,&quot;controls&quot;:&quot;yes&quot;}\" data-widget_type=\"video.default\">\n\t\t\t\t<div class=\"elementor-widget-container\">\n\t\t\t\t\t\t\t<div class=\"e-hosted-video elementor-wrapper elementor-open-inline\">\n\t\t\t\t\t<video class=\"elementor-video\" src=\"https:\/\/www.cr2.cl\/wp-content\/uploads\/2025\/09\/extremos.mp4\" autoplay=\"\" loop=\"\" controls=\"\" muted=\"muted\" playsinline=\"\"><\/video>\n\t\t\t\t<\/div>\n\t\t\t\t\t\t<\/div>\n\t\t\t\t<\/div>\n\t\t\t\t<\/div>\n\t\t\t\t\t<\/div>\n\t\t\t\t<\/div>\n\t\t\t\t<section class=\"elementor-section elementor-top-section elementor-element elementor-element-2d5b4fd elementor-section-boxed elementor-section-height-default elementor-section-height-default wpr-particle-no wpr-jarallax-no wpr-parallax-no wpr-sticky-section-no\" data-id=\"2d5b4fd\" data-element_type=\"section\" data-settings=\"{&quot;background_background&quot;:&quot;classic&quot;}\">\n\t\t\t\t\t\t<div class=\"elementor-container elementor-column-gap-default\">\n\t\t\t\t\t<div class=\"elementor-column elementor-col-50 elementor-top-column elementor-element elementor-element-d37b3cf\" data-id=\"d37b3cf\" data-element_type=\"column\">\n\t\t\t<div class=\"elementor-widget-wrap elementor-element-populated\">\n\t\t\t\t\t\t<div class=\"elementor-element elementor-element-21a86fb elementor-widget elementor-widget-text-editor\" data-id=\"21a86fb\" data-element_type=\"widget\" data-widget_type=\"text-editor.default\">\n\t\t\t\t<div class=\"elementor-widget-container\">\n\t\t\t\t\t\t\t\t\t<p>Actualmente, con el planeta acerc\u00e1ndose al umbral de 1,5\u00baC de calentamiento global y proyect\u00e1ndose hacia los 2\u00baC en las pr\u00f3ximas d\u00e9cadas, Chile enfrenta la urgente necesidad de prepararse de manera efectiva para eventos extremos cuya intensidad o naturaleza podr\u00edan no tener precedentes en la historia reciente (IPCC, 2018).<\/p>\t\t\t\t\t\t\t\t<\/div>\n\t\t\t\t<\/div>\n\t\t\t\t\t<\/div>\n\t\t<\/div>\n\t\t\t\t<div class=\"elementor-column elementor-col-50 elementor-top-column elementor-element elementor-element-e6a1ba2\" data-id=\"e6a1ba2\" data-element_type=\"column\">\n\t\t\t<div class=\"elementor-widget-wrap elementor-element-populated\">\n\t\t\t\t\t\t<div class=\"elementor-element elementor-element-fbb3f87 elementor-widget elementor-widget-text-editor\" data-id=\"fbb3f87\" data-element_type=\"widget\" data-widget_type=\"text-editor.default\">\n\t\t\t\t<div class=\"elementor-widget-container\">\n\t\t\t\t\t\t\t\t\t<p>Reconociendo la complejidad de estos fen\u00f3menos, as\u00ed como la necesidad de una formaci\u00f3n continua para enfrentarlos, la 6ta Escuela de Verano CR2 busca proporcionar herramientas conceptuales y metodol\u00f3gicas para la comprensi\u00f3n de los eventos extremos vinculados al cambio clim\u00e1tico y sus impactos en territorios y comunidades, promoviendo el an\u00e1lisis de estrategias de adaptaci\u00f3n y la construcci\u00f3n de resiliencia.<\/p>\t\t\t\t\t\t\t\t<\/div>\n\t\t\t\t<\/div>\n\t\t\t\t\t<\/div>\n\t\t<\/div>\n\t\t\t\t\t<\/div>\n\t\t<\/section>\n\t\t\t\t<\/div>\n\t\t","protected":false},"excerpt":{"rendered":"<p>Contexto El cambio clim\u00e1tico plantea desaf\u00edos sin precedentes para las sociedades contempor\u00e1neas, exigiendo respuestas integradas que trascienden los l\u00edmites disciplinarios y sectoriales. En este contexto, las universidades y centros de investigaci\u00f3n est\u00e1n llamados a formar profesionales con competencias para comprender, dialogar y actuar frente a problemas complejos (Amigo y Urquiza, 2022). En este escenario, es posible observar los eventos extremos clim\u00e1ticos como la punta del iceberg de los cambios en la frecuencia e intensidad de las amenazas clim\u00e1ticas. Si bien los eventos extremos emergen de la interacci\u00f3n compleja entre m\u00faltiples factores tanto naturales como sociales, es posible observar que su comportamiento cambia r\u00e1pidamente a medida que avanza el calentamiento global (Guzm\u00e1n, 2021; IPCC, 2023). Los eventos extremos clim\u00e1ticos pueden ser definidos -en t\u00e9rminos generales-, como fen\u00f3menos clim\u00e1ticos que interrumpen los patrones habituales de variabilidad clim\u00e1tica y se presentan en forma de olas de calor, sequ\u00edas prolongadas, lluvias torrenciales, tornados o trombas, incendios forestales o inundaciones. Estos eventos generan impactos importantes en comunidades, ecosistemas e infraestructuras (Herring, 2020). M\u00e1s espec\u00edficamente, se considera que un evento extremo ocurre cuando las condiciones clim\u00e1ticas -como la temperatura, la precipitaci\u00f3n o el viento, superan o caen por debajo de ciertos umbrales cr\u00edticos, situ\u00e1ndose en cifras extremas dentro del rango de registros hist\u00f3ricos disponibles (IPCC, 2018). Si observamos los \u00faltimos 25 a\u00f1os en Chile, es posible identificar diversos eventos extremos con importantes impactos sociales y en los ecosistemas, destacando entre ellos a: Eventos Hidrometeorol\u00f3gicos 2002: Grandes tormentas pluviales en la zona central y marejadas costeras. 2021: R\u00edo atmosf\u00e9rico en verano en Chile central, que provoc\u00f3 interrupciones en servicios b\u00e1sicos. 2023: R\u00edo atmosf\u00e9rico de categor\u00eda 4 (en una escala m\u00e1xima de 5), con lluvias intensas e isoterma cero elevada, causando crecidas e inundaciones en las regiones de Valpara\u00edso, Metropolitana, O\u2019Higgins, Maule, \u00d1uble y Biob\u00edo. Incendios Forestales 2014: Incendios en la Regi\u00f3n de Valpara\u00edso, afectando zonas urbanas de Valpara\u00edso y Vi\u00f1a del Mar. 2017: Entre los meses de enero y febrero de 2017 la zona centro sur del pa\u00eds en Chile experiment\u00f3 uno de los megaincendios m\u00e1s grandes en su historia. La cantidad de energ\u00eda cal\u00f3rica liberada durante los meses que dur\u00f3 este evento super\u00f3 las escalas hasta ese entonces utilizadas internacionalmente. Las cifras oficiales indican que 529.974 hect\u00e1reas fueron arrasadas por el fuego. Si bien, el mayor da\u00f1o se produjo en zonas forestales, un conjunto de zonas de interfaz forestal se vio afectada con un saldo total de 3.000 viviendas perdidas y 11 personas fallecidas 2024: Mega incendio de Valpara\u00edso con al menos 137 personas fallecidas, m\u00e1s de 1.100 heridos, y cerca de 9.429 hect\u00e1reas quemadas, incluyendo zonas urbanas, agr\u00edcolas y forestales. Tornados 2019: Tornados en las regiones del Biob\u00edo y La Araucan\u00eda. 2025: Tornado de Puerto Varas. Aluviones y deslizamientos 2012: Aluvi\u00f3n en el r\u00edo Las Minas, Regi\u00f3n de Magallanes. 2015: Aluvi\u00f3n en Atacama, con cerca de un centenar de muertos y da\u00f1os millonarios en infraestructura. 2017: Aluviones en el Caj\u00f3n del Maipo y en Villa Santa Luc\u00eda (Chait\u00e9n, Regi\u00f3n de Los Lagos). Sequ\u00edas 2010\u20132022: Megasequ\u00eda que afect\u00f3 principalmente entre las regiones de Coquimbo y Maule. 2019: Hipersequ\u00eda, con impactos severos en el bosque escler\u00f3filo. https:\/\/www.cr2.cl\/wp-content\/uploads\/2025\/09\/extremos.mp4 Actualmente, con el planeta acerc\u00e1ndose al umbral de 1,5\u00baC de calentamiento global y proyect\u00e1ndose hacia los 2\u00baC en las pr\u00f3ximas d\u00e9cadas, Chile enfrenta la urgente necesidad de prepararse de manera efectiva para eventos extremos cuya intensidad o naturaleza podr\u00edan no tener precedentes en la historia reciente (IPCC, 2018). Reconociendo la complejidad de estos fen\u00f3menos, as\u00ed como la necesidad de una formaci\u00f3n continua para enfrentarlos, la 6ta Escuela de Verano CR2 busca proporcionar herramientas conceptuales y metodol\u00f3gicas para la comprensi\u00f3n de los eventos extremos vinculados al cambio clim\u00e1tico y sus impactos en territorios y comunidades, promoviendo el an\u00e1lisis de estrategias de adaptaci\u00f3n y la construcci\u00f3n de resiliencia.<\/p>\n","protected":false},"author":1,"featured_media":0,"parent":0,"menu_order":0,"comment_status":"closed","ping_status":"closed","template":"elementor_canvas","meta":{"footnotes":""},"class_list":["post-9672","page","type-page","status-publish","hentry"],"_links":{"self":[{"href":"https:\/\/www.escueladeverano.cr2.cl\/index.php\/wp-json\/wp\/v2\/pages\/9672","targetHints":{"allow":["GET"]}}],"collection":[{"href":"https:\/\/www.escueladeverano.cr2.cl\/index.php\/wp-json\/wp\/v2\/pages"}],"about":[{"href":"https:\/\/www.escueladeverano.cr2.cl\/index.php\/wp-json\/wp\/v2\/types\/page"}],"author":[{"embeddable":true,"href":"https:\/\/www.escueladeverano.cr2.cl\/index.php\/wp-json\/wp\/v2\/users\/1"}],"replies":[{"embeddable":true,"href":"https:\/\/www.escueladeverano.cr2.cl\/index.php\/wp-json\/wp\/v2\/comments?post=9672"}],"version-history":[{"count":31,"href":"https:\/\/www.escueladeverano.cr2.cl\/index.php\/wp-json\/wp\/v2\/pages\/9672\/revisions"}],"predecessor-version":[{"id":9739,"href":"https:\/\/www.escueladeverano.cr2.cl\/index.php\/wp-json\/wp\/v2\/pages\/9672\/revisions\/9739"}],"wp:attachment":[{"href":"https:\/\/www.escueladeverano.cr2.cl\/index.php\/wp-json\/wp\/v2\/media?parent=9672"}],"curies":[{"name":"wp","href":"https:\/\/api.w.org\/{rel}","templated":true}]}}