{"id":2127,"date":"2020-05-03T17:27:52","date_gmt":"2020-05-03T21:27:52","guid":{"rendered":"http:\/\/www.summerschool.cr2.cl\/?page_id=2127"},"modified":"2023-01-24T12:17:35","modified_gmt":"2023-01-24T16:17:35","slug":"programa","status":"publish","type":"page","link":"https:\/\/www.escueladeverano.cr2.cl\/index.php\/programa\/","title":{"rendered":"Programa"},"content":{"rendered":"<p>[vc_row full_width=&#8221;stretch_row&#8221; overlay_dotted=&#8221;&#8221;][vc_column css=&#8221;.vc_custom_1501056754572{padding-top: 0px !important;}&#8221;][vc_empty_space height=&#8221;30&#8243;][vc_custom_heading text=&#8221;Programa diario&#8221; font_container=&#8221;tag:h3|font_size:30|text_align:center|color:%231e73be&#8221; google_fonts=&#8221;font_family:Ubuntu%3A300%2C300italic%2Cregular%2Citalic%2C500%2C500italic%2C700%2C700italic|font_style:500%20bold%20regular%3A500%3Anormal&#8221;][vc_zigzag color=&#8221;custom&#8221; el_width=&#8221;10&#8243; el_border_width=&#8221;10&#8243; css=&#8221;.vc_custom_1626060316440{padding-bottom: 20px !important;}&#8221; custom_color=&#8221;#628699&#8243;][vc_column_text]<\/p>\n<h4 style=\"text-align: center;\">La Escuela de Verano 2023 tiene una duraci\u00f3n de 57 horas totales distribuidas en 9 d\u00edas e incluye 2 viajes a terreno y 1 taller.<\/h4>\n<p>[\/vc_column_text][\/vc_column][\/vc_row][vc_row overlay_dotted=&#8221;&#8221; css=&#8221;.vc_custom_1628536865269{padding-top: 30px !important;}&#8221;][vc_column][vc_tta_tour shape=&#8221;round&#8221; color=&#8221;sky&#8221; spacing=&#8221;10&#8243; gap=&#8221;20&#8243; controls_size=&#8221;sm&#8221; active_section=&#8221;1&#8243; no_fill_content_area=&#8221;true&#8221;][vc_tta_section title=&#8221;Lunes 16&#8243; tab_id=&#8221;Lunes16&#8243;][vc_column_text]<\/p>\n<h4 style=\"text-align: left;\"><span style=\"color: #1e73be;\"><strong>Programa lunes 16 enero &#8211; Universidad de Concepci\u00f3n<\/strong><\/span><\/h4>\n<p>[\/vc_column_text][vc_column_text]<\/p>\n<table class=\" alignleft\">\n<tbody>\n<tr>\n<td width=\"179\">08:30-08:45 hrs.<\/td>\n<td width=\"409\">Palabras de Bienvenida a la Escuela de Verano: Coordinadora Acad\u00e9mica (Ana Mar\u00eda Ugarte)<\/td>\n<\/tr>\n<tr>\n<td width=\"179\">08:45-09:00 hrs.<\/td>\n<td width=\"409\">Palabras del Director de L\u00ednea (Mart\u00edn Jacques)<\/td>\n<\/tr>\n<tr>\n<td width=\"179\">09:00-09:30 hrs.<\/td>\n<td width=\"409\">Presentaci\u00f3n general de los temas a trabajar en la EdV2023: Laura Far\u00edas<\/td>\n<\/tr>\n<tr>\n<td width=\"179\">09:30-10:30 hrs.<\/td>\n<td width=\"409\">Riesgos en zonas costeras: marco IPCC (Laura Ramajo)<\/td>\n<\/tr>\n<tr>\n<td width=\"179\">10:30-11:30 hrs.<\/td>\n<td width=\"409\">Inter y transdisciplina para abordar problem\u00e1ticas en Zonas Costeras (B\u00e1rbara Morales y Lucas Rabi)<\/td>\n<\/tr>\n<tr>\n<td width=\"179\">11:30-11:45 hrs.<\/td>\n<td width=\"409\">PAUSA CAF\u00c9<\/td>\n<\/tr>\n<tr>\n<td width=\"179\">11:45-12:45 hrs.<\/td>\n<td width=\"409\">Procesos hist\u00f3ricos en Zonas Costeras (Noelia Carrasco\u00a0y Camila Neves)<\/td>\n<\/tr>\n<tr>\n<td width=\"179\">12:45-13:45 hrs.<\/td>\n<td width=\"409\">Charla Magistral: Ley de costas (Carolina Mart\u00ednez)<\/td>\n<\/tr>\n<tr>\n<td width=\"179\">13:45-14:45 hrs.<\/td>\n<td width=\"409\">ALMUERZO<\/td>\n<\/tr>\n<tr>\n<td width=\"179\">14:45-15:45 hrs.<\/td>\n<td width=\"409\">Monitoreo y observaci\u00f3n (Diego Narv\u00e1ez, Laura Far\u00edas y Laura Ramajo)<\/td>\n<\/tr>\n<tr>\n<td width=\"179\">15:45-16:00 hrs.<\/td>\n<td width=\"409\">PAUSA CAF\u00c9<\/td>\n<\/tr>\n<tr>\n<td width=\"179\">16:00-17:00 hrs.<\/td>\n<td width=\"409\">Trabajo grupal y Taller de Policy Brief (Jos\u00e9 Barraza)<\/td>\n<\/tr>\n<\/tbody>\n<\/table>\n<p>[\/vc_column_text][\/vc_tta_section][vc_tta_section title=&#8221;Martes 17&#8243; tab_id=&#8221;Martes17&#8243;][vc_column_text]<\/p>\n<h4 style=\"text-align: left;\"><span style=\"color: #1e73be;\"><strong>Programa martes 17 de enero &#8211; CICAT<br \/>\n<\/strong><\/span><\/h4>\n<p>[\/vc_column_text][vc_column_text]<\/p>\n<table class=\" alignleft\">\n<tbody>\n<tr>\n<td width=\"179\">09:30-10:30 hrs.<\/td>\n<td width=\"409\">Metodolog\u00edas en interdisciplina y transdisciplina (B\u00e1rbara Morales)<\/td>\n<\/tr>\n<tr>\n<td width=\"179\">10:30-11:30 hrs.<\/td>\n<td width=\"409\">Charla magistral Interacci\u00f3n land-coastal ocean e impactos en el ecosistema (Piero Mazzini)<\/td>\n<\/tr>\n<tr>\n<td width=\"179\">11:30-11:45 hrs.<\/td>\n<td width=\"409\">PAUSA CAF\u00c9<\/td>\n<\/tr>\n<tr>\n<td width=\"179\">11:45-12:45 hrs.<\/td>\n<td width=\"409\">Charla Magistral: Proyecto GEF de gobernanza. Manuela Erazo (Coordinadora Nacional)<\/td>\n<\/tr>\n<tr>\n<td width=\"179\">12:45-13:45 hrs.<\/td>\n<td width=\"409\">Charla Magistral: Ciencia ciudadana: experiencias desde la investigaci\u00f3n-acci\u00f3n (Valentina Manr\u00edquez)<\/td>\n<\/tr>\n<tr>\n<td width=\"179\">13:45-14:45 hrs.<\/td>\n<td width=\"409\">ALMUERZO<\/td>\n<\/tr>\n<tr>\n<td width=\"179\">14:45-15:30 hrs.<\/td>\n<td width=\"409\">Adaptaci\u00f3n y mitigaci\u00f3n al cambio clim\u00e1tico (Laura Ramajo)<\/td>\n<\/tr>\n<tr>\n<td width=\"179\">15:30-16:30 hrs.<\/td>\n<td width=\"409\">Visita interactiva CICAT<\/td>\n<\/tr>\n<\/tbody>\n<\/table>\n<p>[\/vc_column_text][\/vc_tta_section][vc_tta_section title=&#8221;Mi\u00e9rcoles 18&#8243; tab_id=&#8221;Miercoles18&#8243;][vc_column_text]<\/p>\n<h4 style=\"text-align: left;\"><span style=\"color: #1e73be;\"><strong>Programa mi\u00e9rcoles 18 de enero &#8211; Lebu<\/strong><\/span><\/h4>\n<p>[\/vc_column_text][vc_column_text]<\/p>\n<table class=\" alignleft\">\n<tbody>\n<tr>\n<td width=\"179\">09:30-18:30 hrs.<\/td>\n<td width=\"409\"><span style=\"font-weight: 400;\"><strong>TERRENO 1: Jornada completa<\/strong><\/span><br \/>\n<span style=\"font-weight: 400;\">Recolectores de algas y nalcas (comunes) y dilemas de interacci\u00f3n con los socioecosistemas (Noelia Carrasco)<\/span><\/td>\n<\/tr>\n<\/tbody>\n<\/table>\n<p>[\/vc_column_text][\/vc_tta_section][vc_tta_section title=&#8221;Jueves 19&#8243; tab_id=&#8221;Jueves19&#8243;][vc_column_text]<\/p>\n<h4 style=\"text-align: left;\"><span style=\"color: #1e73be;\"><strong>Programa jueves 19 de enero &#8211; Universidad de Concepci\u00f3n<br \/>\n<\/strong><\/span><\/h4>\n<p>[\/vc_column_text][vc_column_text]<\/p>\n<table class=\" alignleft\">\n<tbody>\n<tr>\n<td width=\"179\">09:30-10:30 hrs.<\/td>\n<td width=\"409\">Marejadas (incremento, proyecciones, relaciones con otros fen\u00f3menos) (Catalina Aguirre)<\/td>\n<\/tr>\n<tr>\n<td width=\"179\">10:30-11:30 hrs.<\/td>\n<td width=\"409\">Cambio clim\u00e1tico, puertos, ciudades y sistemas naturales en la costa (Patricio Winckler)<\/td>\n<\/tr>\n<tr>\n<td width=\"179\">11:30-11:45 hrs.<\/td>\n<td width=\"409\">PAUSA CAF\u00c9<\/td>\n<\/tr>\n<tr>\n<td width=\"179\">11:45-12:45 hrs.<\/td>\n<td width=\"409\">Percepci\u00f3n de riesgo e impactos desde comunidades humanas (Anita Ugarte)<\/td>\n<\/tr>\n<tr>\n<td width=\"179\">12:45-13:45 hrs.<\/td>\n<td width=\"409\">Dimensiones culturales del cambio clim\u00e1tico en zonas costeras (Noelia Carrasco)<\/td>\n<\/tr>\n<tr>\n<td width=\"179\">13:45-14:45 hrs.<\/td>\n<td width=\"409\">ALMUERZO<\/td>\n<\/tr>\n<tr>\n<td width=\"179\">14:45-15:45 hrs.<\/td>\n<td width=\"409\">Tiempo para trabajo grupal (Asesor\u00eda de Jos\u00e9 Barraza)<\/td>\n<\/tr>\n<tr>\n<td width=\"179\">15:45-16:00 hrs.<\/td>\n<td width=\"409\">PAUSA CAF\u00c9<\/td>\n<\/tr>\n<tr>\n<td width=\"179\">16:00-17:00 hrs.<\/td>\n<td width=\"409\">Tiempo para trabajo grupal<\/td>\n<\/tr>\n<\/tbody>\n<\/table>\n<p>[\/vc_column_text][\/vc_tta_section][vc_tta_section title=&#8221;Viernes 20&#8243; tab_id=&#8221;Viernes20&#8243;][vc_column_text]<\/p>\n<h4 style=\"text-align: left;\"><span style=\"color: #1e73be;\"><strong>Programa viernes 20 de enero &#8211; Universidad de Concepci\u00f3n<br \/>\n<\/strong><\/span><\/h4>\n<p>[\/vc_column_text][vc_column_text]<\/p>\n<table class=\" alignleft\">\n<tbody>\n<tr>\n<td width=\"179\">09:30-10:30 hrs.<\/td>\n<td width=\"409\">Monitoreo (Diego Narv\u00e1ez)<br \/>\nAdaptaci\u00f3n y Mitigaci\u00f3n (Laura Ramajo)<br \/>\n<strong>SALA 101 FM<\/strong><\/td>\n<\/tr>\n<tr>\n<td width=\"179\">10:30-11:30 hrs.<\/td>\n<td width=\"409\">Acidificaci\u00f3n (Laura Ramajo)<br \/>\nHipoxia (Laura Far\u00edas)<br \/>\n<strong>SALA 101 FM<\/strong><\/td>\n<\/tr>\n<tr>\n<td width=\"179\">11:30-11:45 hrs.<\/td>\n<td width=\"409\">PAUSA CAF\u00c9<\/td>\n<\/tr>\n<tr>\n<td width=\"179\">11:45-12:45 hrs.<\/td>\n<td width=\"409\">Hipoxia (Laura Far\u00edas)<br \/>\nEutrofizaci\u00f3n (Laura Far\u00edas)<br \/>\n<strong>SALA 101 FM<\/strong><\/td>\n<\/tr>\n<tr>\n<td width=\"179\">12:45-13:45 hrs.<\/td>\n<td width=\"409\">Gesti\u00f3n de riesgo en zonas costeras (Anita Ugarte)<br \/>\n<strong>ESPACIO B BIBLIOTECA FM<\/strong><\/td>\n<\/tr>\n<tr>\n<td width=\"179\">13:45-14:45 hrs.<\/td>\n<td width=\"409\">ALMUERZO<\/td>\n<\/tr>\n<tr>\n<td width=\"179\">14:45-15:45 hrs.<\/td>\n<td width=\"409\">Eventos extremos: olas de calor atmosf\u00e9ricas\/marinas y r\u00edos atmosf\u00e9ricos (Mart\u00edn Jacques)<br \/>\n<strong>ESPACIO B BIBLIOTECA FM<\/strong><\/td>\n<\/tr>\n<tr>\n<td width=\"179\">15:45-16:00 hrs.<\/td>\n<td width=\"409\">PAUSA CAF\u00c9<\/td>\n<\/tr>\n<tr>\n<td width=\"179\">16:00-17:00 hrs.<\/td>\n<td width=\"409\">Tiempo para trabajo grupal<\/td>\n<\/tr>\n<\/tbody>\n<\/table>\n<p>[\/vc_column_text][\/vc_tta_section][vc_tta_section title=&#8221;S\u00e1bado 21&#8243; tab_id=&#8221;Sabado21&#8243;][vc_column_text]<\/p>\n<h4 style=\"text-align: left;\"><span style=\"color: #1e73be;\"><strong>Programa s\u00e1bado 21 de enero &#8211; Universidad de Concepci\u00f3n<\/strong><\/span><\/h4>\n<h4 style=\"text-align: left;\"><span style=\"color: #1e73be;\"><strong>\u00a0<\/strong><\/span><\/h4>\n<p>[\/vc_column_text][vc_column_text]<\/p>\n<table class=\" alignleft\">\n<tbody>\n<tr>\n<td width=\"179\">09:30-13:00 hrs.<\/td>\n<td width=\"409\"><strong>TALLER:<\/strong><br \/>\nZonificaci\u00f3n de las zonas costeras y uso de la herramienta GeoHUBProfesores:Sim\u00f3n Inzunza<br \/>\nSteven Mons<\/td>\n<\/tr>\n<\/tbody>\n<\/table>\n<p>[\/vc_column_text][\/vc_tta_section][vc_tta_section title=&#8221;Lunes 23&#8243; tab_id=&#8221;Lunes23&#8243;][vc_column_text]<\/p>\n<h4 style=\"text-align: left;\"><span style=\"color: #1e73be;\"><strong>Programa lunes 23 de enero &#8211; Universidad de Concepci\u00f3n<br \/>\n<\/strong><\/span><\/h4>\n<p>[\/vc_column_text][vc_column_text]<\/p>\n<table class=\" alignleft\">\n<tbody>\n<tr>\n<td width=\"179\">09:30-10:30 hrs.<\/td>\n<td width=\"409\">Conferencia: Catastro comunes costeros (Beatriz Cid y Ver\u00f3nica Oliveros)<\/td>\n<\/tr>\n<tr>\n<td width=\"179\">10:30-11:30 hrs.<\/td>\n<td width=\"409\">Charla magistral G\u00e9nero y cambio clim\u00e1tico (Astrid Ulloa, via zoom)<\/td>\n<\/tr>\n<tr>\n<td width=\"179\">11:30-11:45 hrs.<\/td>\n<td width=\"409\">PAUSA CAF\u00c9<\/td>\n<\/tr>\n<tr>\n<td width=\"179\">11:45-12:45 hrs.<\/td>\n<td width=\"409\">Tornados\u00a0(Roberto Rondanelli)<\/td>\n<\/tr>\n<tr>\n<td width=\"179\">12:45-13:45 hrs.<\/td>\n<td width=\"409\">Eventos extremos: mecanismos y proyecciones (Deniz Bozkurt)<\/td>\n<\/tr>\n<tr>\n<td width=\"179\">13:45-14:45 hrs.<\/td>\n<td width=\"409\">ALMUERZO<\/td>\n<\/tr>\n<tr>\n<td width=\"179\">14:45-15:45 hrs.<\/td>\n<td width=\"409\">Floraciones algales nocivas (Pilar Aparicio)<\/td>\n<\/tr>\n<tr>\n<td width=\"179\">15:45-16:00 hrs.<\/td>\n<td width=\"409\">PAUSA CAF\u00c9<\/td>\n<\/tr>\n<tr>\n<td width=\"179\">16:00-17:00 hrs.<\/td>\n<td width=\"409\">Tiempo para trabajo grupal<\/td>\n<\/tr>\n<\/tbody>\n<\/table>\n<p>[\/vc_column_text][\/vc_tta_section][vc_tta_section title=&#8221;Martes 24&#8243; tab_id=&#8221;Martes24&#8243;][vc_column_text]<\/p>\n<h4 style=\"text-align: left;\"><span style=\"color: #1e73be;\"><strong>Programa martes 24 de enero &#8211; Universidad de Concepci\u00f3n<br \/>\n<\/strong><\/span><\/h4>\n<p>[\/vc_column_text][vc_column_text]<\/p>\n<table class=\" alignleft\">\n<tbody>\n<tr>\n<td width=\"179\">09:30-13:45 hrs.<\/td>\n<td width=\"409\">TERRENO 2.\u00a0Salida al mar.\u00a0Apoyo Copas-Coastal.<\/td>\n<\/tr>\n<tr>\n<td width=\"179\">13:45-14:45 hrs.<\/td>\n<td width=\"409\">ALMUERZO<\/td>\n<\/tr>\n<tr>\n<td width=\"179\">14:45-15:45 hrs.<\/td>\n<td width=\"409\">Desarrollo social y econ\u00f3mico en la ZC: desarrollo industrial y zonas de sacrificio (Noelia Carrasco y Eugenia Gay\u00f3)<\/td>\n<\/tr>\n<tr>\n<td width=\"179\">15:45-16:45 hrs.<\/td>\n<td width=\"409\">Resiliencia y Transformaci\u00f3n (Gabriela Guevara)<\/td>\n<\/tr>\n<tr>\n<td width=\"179\"><\/td>\n<td width=\"409\"><\/td>\n<\/tr>\n<\/tbody>\n<\/table>\n<p>[\/vc_column_text][\/vc_tta_section][vc_tta_section title=&#8221;Mi\u00e9rcoles 25&#8243; tab_id=&#8221;Miercoles25&#8243;][vc_column_text]<\/p>\n<h4 style=\"text-align: left;\"><span style=\"color: #1e73be;\"><strong>Programa mi\u00e9rcoles 25 de enero &#8211; Universidad de Concepci\u00f3n<br \/>\n<\/strong><\/span><\/h4>\n<p>[\/vc_column_text][vc_column_text]<\/p>\n<table class=\" alignleft\">\n<tbody>\n<tr>\n<td width=\"179\">09:30-11:30 hrs.<\/td>\n<td width=\"409\">Presentaci\u00f3n de trabajos finales<\/td>\n<\/tr>\n<tr>\n<td width=\"179\">11:30-11:45 hrs.<\/td>\n<td width=\"409\">PAUSA CAF\u00c9<\/td>\n<\/tr>\n<tr>\n<td width=\"179\">11:45-13:45 hrs.<\/td>\n<td width=\"409\">Presentaci\u00f3n de trabajos finales y t\u00e9rmino de la Escuela de Verano<\/td>\n<\/tr>\n<tr>\n<td width=\"179\">13:45-14:45 hrs.<\/td>\n<td width=\"409\">ALMUERZO<\/td>\n<\/tr>\n<\/tbody>\n<\/table>\n<p>[\/vc_column_text][\/vc_tta_section][\/vc_tta_tour][\/vc_column][\/vc_row][vc_row][vc_column][vc_empty_space height=&#8221;50px&#8221;][\/vc_column][\/vc_row]<\/p>\n","protected":false},"excerpt":{"rendered":"<p>[vc_row full_width=&#8221;stretch_row&#8221; overlay_dotted=&#8221;&#8221;][vc_column css=&#8221;.vc_custom_1501056754572{padding-top: 0px !important;}&#8221;][vc_empty_space height=&#8221;30&#8243;][vc_custom_heading text=&#8221;Programa diario&#8221; font_container=&#8221;tag:h3|font_size:30|text_align:center|color:%231e73be&#8221; google_fonts=&#8221;font_family:Ubuntu%3A300%2C300italic%2Cregular%2Citalic%2C500%2C500italic%2C700%2C700italic|font_style:500%20bold%20regular%3A500%3Anormal&#8221;][vc_zigzag color=&#8221;custom&#8221; el_width=&#8221;10&#8243; el_border_width=&#8221;10&#8243; css=&#8221;.vc_custom_1626060316440{padding-bottom: 20px !important;}&#8221; custom_color=&#8221;#628699&#8243;][vc_column_text] La Escuela de Verano 2023 tiene una duraci\u00f3n de 57 horas totales distribuidas en 9 d\u00edas e incluye 2 viajes a terreno y 1 taller. [\/vc_column_text][\/vc_column][\/vc_row][vc_row overlay_dotted=&#8221;&#8221; css=&#8221;.vc_custom_1628536865269{padding-top: 30px !important;}&#8221;][vc_column][vc_tta_tour shape=&#8221;round&#8221; color=&#8221;sky&#8221; spacing=&#8221;10&#8243; gap=&#8221;20&#8243; controls_size=&#8221;sm&#8221; active_section=&#8221;1&#8243; no_fill_content_area=&#8221;true&#8221;][vc_tta_section title=&#8221;Lunes 16&#8243; tab_id=&#8221;Lunes16&#8243;][vc_column_text] Programa lunes 16 enero &#8211; Universidad de Concepci\u00f3n [\/vc_column_text][vc_column_text] 08:30-08:45 hrs. Palabras de Bienvenida a la Escuela de Verano: Coordinadora Acad\u00e9mica (Ana Mar\u00eda Ugarte) 08:45-09:00 hrs. Palabras del Director de L\u00ednea (Mart\u00edn Jacques) 09:00-09:30 hrs. Presentaci\u00f3n general de los temas a trabajar en la EdV2023: Laura Far\u00edas 09:30-10:30 hrs. Riesgos en zonas costeras: marco IPCC (Laura Ramajo) 10:30-11:30 hrs. Inter y transdisciplina para abordar problem\u00e1ticas en Zonas Costeras (B\u00e1rbara Morales y Lucas Rabi) 11:30-11:45 hrs. PAUSA CAF\u00c9 11:45-12:45 hrs. Procesos hist\u00f3ricos en Zonas Costeras (Noelia Carrasco\u00a0y Camila Neves) 12:45-13:45 hrs. Charla Magistral: Ley de costas (Carolina Mart\u00ednez) 13:45-14:45 hrs. ALMUERZO 14:45-15:45 hrs. Monitoreo y observaci\u00f3n (Diego Narv\u00e1ez, Laura Far\u00edas y Laura Ramajo) 15:45-16:00 hrs. PAUSA CAF\u00c9 16:00-17:00 hrs. Trabajo grupal y Taller de Policy Brief (Jos\u00e9 Barraza) [\/vc_column_text][\/vc_tta_section][vc_tta_section title=&#8221;Martes 17&#8243; tab_id=&#8221;Martes17&#8243;][vc_column_text] Programa martes 17 de enero &#8211; CICAT [\/vc_column_text][vc_column_text] 09:30-10:30 hrs. Metodolog\u00edas en interdisciplina y transdisciplina (B\u00e1rbara Morales) 10:30-11:30 hrs. Charla magistral Interacci\u00f3n land-coastal ocean e impactos en el ecosistema (Piero Mazzini) 11:30-11:45 hrs. PAUSA CAF\u00c9 11:45-12:45 hrs. Charla Magistral: Proyecto GEF de gobernanza. Manuela Erazo (Coordinadora Nacional) 12:45-13:45 hrs. Charla Magistral: Ciencia ciudadana: experiencias desde la investigaci\u00f3n-acci\u00f3n (Valentina Manr\u00edquez) 13:45-14:45 hrs. ALMUERZO 14:45-15:30 hrs. Adaptaci\u00f3n y mitigaci\u00f3n al cambio clim\u00e1tico (Laura Ramajo) 15:30-16:30 hrs. Visita interactiva CICAT [\/vc_column_text][\/vc_tta_section][vc_tta_section title=&#8221;Mi\u00e9rcoles 18&#8243; tab_id=&#8221;Miercoles18&#8243;][vc_column_text] Programa mi\u00e9rcoles 18 de enero &#8211; Lebu [\/vc_column_text][vc_column_text] 09:30-18:30 hrs. TERRENO 1: Jornada completa Recolectores de algas y nalcas (comunes) y dilemas de interacci\u00f3n con los socioecosistemas (Noelia Carrasco) [\/vc_column_text][\/vc_tta_section][vc_tta_section title=&#8221;Jueves 19&#8243; tab_id=&#8221;Jueves19&#8243;][vc_column_text] Programa jueves 19 de enero &#8211; Universidad de Concepci\u00f3n [\/vc_column_text][vc_column_text] 09:30-10:30 hrs. Marejadas (incremento, proyecciones, relaciones con otros fen\u00f3menos) (Catalina Aguirre) 10:30-11:30 hrs. Cambio clim\u00e1tico, puertos, ciudades y sistemas naturales en la costa (Patricio Winckler) 11:30-11:45 hrs. PAUSA CAF\u00c9 11:45-12:45 hrs. Percepci\u00f3n de riesgo e impactos desde comunidades humanas (Anita Ugarte) 12:45-13:45 hrs. Dimensiones culturales del cambio clim\u00e1tico en zonas costeras (Noelia Carrasco) 13:45-14:45 hrs. ALMUERZO 14:45-15:45 hrs. Tiempo para trabajo grupal (Asesor\u00eda de Jos\u00e9 Barraza) 15:45-16:00 hrs. PAUSA CAF\u00c9 16:00-17:00 hrs. Tiempo para trabajo grupal [\/vc_column_text][\/vc_tta_section][vc_tta_section title=&#8221;Viernes 20&#8243; tab_id=&#8221;Viernes20&#8243;][vc_column_text] Programa viernes 20 de enero &#8211; Universidad de Concepci\u00f3n [\/vc_column_text][vc_column_text] 09:30-10:30 hrs. Monitoreo (Diego Narv\u00e1ez) Adaptaci\u00f3n y Mitigaci\u00f3n (Laura Ramajo) SALA 101 FM 10:30-11:30 hrs. Acidificaci\u00f3n (Laura Ramajo) Hipoxia (Laura Far\u00edas) SALA 101 FM 11:30-11:45 hrs. PAUSA CAF\u00c9 11:45-12:45 hrs. Hipoxia (Laura Far\u00edas) Eutrofizaci\u00f3n (Laura Far\u00edas) SALA 101 FM 12:45-13:45 hrs. Gesti\u00f3n de riesgo en zonas costeras (Anita Ugarte) ESPACIO B BIBLIOTECA FM 13:45-14:45 hrs. ALMUERZO 14:45-15:45 hrs. Eventos extremos: olas de calor atmosf\u00e9ricas\/marinas y r\u00edos atmosf\u00e9ricos (Mart\u00edn Jacques) ESPACIO B BIBLIOTECA FM 15:45-16:00 hrs. PAUSA CAF\u00c9 16:00-17:00 hrs. Tiempo para trabajo grupal [\/vc_column_text][\/vc_tta_section][vc_tta_section title=&#8221;S\u00e1bado 21&#8243; tab_id=&#8221;Sabado21&#8243;][vc_column_text] Programa s\u00e1bado 21 de enero &#8211; Universidad de Concepci\u00f3n \u00a0 [\/vc_column_text][vc_column_text] 09:30-13:00 hrs. TALLER: Zonificaci\u00f3n de las zonas costeras y uso de la herramienta GeoHUBProfesores:Sim\u00f3n Inzunza Steven Mons [\/vc_column_text][\/vc_tta_section][vc_tta_section title=&#8221;Lunes 23&#8243; tab_id=&#8221;Lunes23&#8243;][vc_column_text] Programa lunes 23 de enero &#8211; Universidad de Concepci\u00f3n [\/vc_column_text][vc_column_text] 09:30-10:30 hrs. Conferencia: Catastro comunes costeros (Beatriz Cid y Ver\u00f3nica Oliveros) 10:30-11:30 hrs. Charla magistral G\u00e9nero y cambio clim\u00e1tico (Astrid Ulloa, via zoom) 11:30-11:45 hrs. PAUSA CAF\u00c9 11:45-12:45 hrs. Tornados\u00a0(Roberto Rondanelli) 12:45-13:45 hrs. Eventos extremos: mecanismos y proyecciones (Deniz Bozkurt) 13:45-14:45 hrs. ALMUERZO 14:45-15:45 hrs. Floraciones algales nocivas (Pilar Aparicio) 15:45-16:00 hrs. PAUSA CAF\u00c9 16:00-17:00 hrs. Tiempo para trabajo grupal [\/vc_column_text][\/vc_tta_section][vc_tta_section title=&#8221;Martes 24&#8243; tab_id=&#8221;Martes24&#8243;][vc_column_text] Programa martes 24 de enero &#8211; Universidad de Concepci\u00f3n [\/vc_column_text][vc_column_text] 09:30-13:45 hrs. TERRENO 2.\u00a0Salida al mar.\u00a0Apoyo Copas-Coastal. 13:45-14:45 hrs. ALMUERZO 14:45-15:45 hrs. Desarrollo social y econ\u00f3mico en la ZC: desarrollo industrial y zonas de sacrificio (Noelia Carrasco y Eugenia Gay\u00f3) 15:45-16:45 hrs. Resiliencia y Transformaci\u00f3n (Gabriela Guevara) [\/vc_column_text][\/vc_tta_section][vc_tta_section title=&#8221;Mi\u00e9rcoles 25&#8243; tab_id=&#8221;Miercoles25&#8243;][vc_column_text] Programa mi\u00e9rcoles 25 de enero &#8211; Universidad de Concepci\u00f3n [\/vc_column_text][vc_column_text] 09:30-11:30 hrs. Presentaci\u00f3n de trabajos finales 11:30-11:45 hrs. PAUSA CAF\u00c9 11:45-13:45 hrs. Presentaci\u00f3n de trabajos finales y t\u00e9rmino de la Escuela de Verano 13:45-14:45 hrs. ALMUERZO [\/vc_column_text][\/vc_tta_section][\/vc_tta_tour][\/vc_column][\/vc_row][vc_row][vc_column][vc_empty_space height=&#8221;50px&#8221;][\/vc_column][\/vc_row]<\/p>\n","protected":false},"author":1,"featured_media":0,"parent":0,"menu_order":0,"comment_status":"closed","ping_status":"closed","template":"","meta":{"footnotes":""},"class_list":["post-2127","page","type-page","status-publish","hentry"],"_links":{"self":[{"href":"https:\/\/www.escueladeverano.cr2.cl\/index.php\/wp-json\/wp\/v2\/pages\/2127","targetHints":{"allow":["GET"]}}],"collection":[{"href":"https:\/\/www.escueladeverano.cr2.cl\/index.php\/wp-json\/wp\/v2\/pages"}],"about":[{"href":"https:\/\/www.escueladeverano.cr2.cl\/index.php\/wp-json\/wp\/v2\/types\/page"}],"author":[{"embeddable":true,"href":"https:\/\/www.escueladeverano.cr2.cl\/index.php\/wp-json\/wp\/v2\/users\/1"}],"replies":[{"embeddable":true,"href":"https:\/\/www.escueladeverano.cr2.cl\/index.php\/wp-json\/wp\/v2\/comments?post=2127"}],"version-history":[{"count":88,"href":"https:\/\/www.escueladeverano.cr2.cl\/index.php\/wp-json\/wp\/v2\/pages\/2127\/revisions"}],"predecessor-version":[{"id":2782,"href":"https:\/\/www.escueladeverano.cr2.cl\/index.php\/wp-json\/wp\/v2\/pages\/2127\/revisions\/2782"}],"wp:attachment":[{"href":"https:\/\/www.escueladeverano.cr2.cl\/index.php\/wp-json\/wp\/v2\/media?parent=2127"}],"curies":[{"name":"wp","href":"https:\/\/api.w.org\/{rel}","templated":true}]}}