{"id":11,"date":"2023-08-17T08:02:53","date_gmt":"2023-08-17T12:02:53","guid":{"rendered":"https:\/\/demosites.royal-elementor-addons.com\/nature-v2\/?page_id=11"},"modified":"2025-09-30T14:40:27","modified_gmt":"2025-09-30T18:40:27","slug":"contenidos","status":"publish","type":"page","link":"https:\/\/www.escueladeverano.cr2.cl\/index.php\/contenidos\/","title":{"rendered":"Contenidos"},"content":{"rendered":"\t\t<div data-elementor-type=\"wp-page\" data-elementor-id=\"11\" class=\"elementor elementor-11\">\n\t\t\t\t\t\t<section class=\"elementor-section elementor-top-section elementor-element elementor-element-1cf472d elementor-section-boxed elementor-section-height-default elementor-section-height-default wpr-particle-no wpr-jarallax-no wpr-parallax-no wpr-sticky-section-no\" data-id=\"1cf472d\" data-element_type=\"section\" data-settings=\"{&quot;background_background&quot;:&quot;classic&quot;}\">\n\t\t\t\t\t\t\t<div class=\"elementor-background-overlay\"><\/div>\n\t\t\t\t\t\t\t<div class=\"elementor-container elementor-column-gap-default\">\n\t\t\t\t\t<div class=\"elementor-column elementor-col-100 elementor-top-column elementor-element elementor-element-d339750\" data-id=\"d339750\" data-element_type=\"column\">\n\t\t\t<div class=\"elementor-widget-wrap elementor-element-populated\">\n\t\t\t\t\t\t<div class=\"elementor-element elementor-element-33ed139 elementor-widget elementor-widget-heading\" data-id=\"33ed139\" data-element_type=\"widget\" data-widget_type=\"heading.default\">\n\t\t\t\t<div class=\"elementor-widget-container\">\n\t\t\t\t\t<h2 class=\"elementor-heading-title elementor-size-default\">Contenidos<\/h2>\t\t\t\t<\/div>\n\t\t\t\t<\/div>\n\t\t\t\t\t<\/div>\n\t\t<\/div>\n\t\t\t\t\t<\/div>\n\t\t<\/section>\n\t\t\t\t<section class=\"elementor-section elementor-top-section elementor-element elementor-element-f6c5214 elementor-section-boxed elementor-section-height-default elementor-section-height-default wpr-particle-no wpr-jarallax-no wpr-parallax-no wpr-sticky-section-no\" data-id=\"f6c5214\" data-element_type=\"section\">\n\t\t\t\t\t\t<div class=\"elementor-container elementor-column-gap-default\">\n\t\t\t\t\t<div class=\"elementor-column elementor-col-100 elementor-top-column elementor-element elementor-element-ee28f21\" data-id=\"ee28f21\" data-element_type=\"column\">\n\t\t\t<div class=\"elementor-widget-wrap elementor-element-populated\">\n\t\t\t\t\t\t<div class=\"elementor-element elementor-element-8c18eea elementor-widget elementor-widget-heading\" data-id=\"8c18eea\" data-element_type=\"widget\" data-widget_type=\"heading.default\">\n\t\t\t\t<div class=\"elementor-widget-container\">\n\t\t\t\t\t<h2 class=\"elementor-heading-title elementor-size-default\">Los temas principales de la Escuela de Verano son:<\/h2>\t\t\t\t<\/div>\n\t\t\t\t<\/div>\n\t\t\t\t\t<\/div>\n\t\t<\/div>\n\t\t\t\t\t<\/div>\n\t\t<\/section>\n\t\t\t\t<section class=\"elementor-section elementor-top-section elementor-element elementor-element-39d6be1 elementor-section-boxed elementor-section-height-default elementor-section-height-default wpr-particle-no wpr-jarallax-no wpr-parallax-no wpr-sticky-section-no\" data-id=\"39d6be1\" data-element_type=\"section\">\n\t\t\t\t\t\t<div class=\"elementor-container elementor-column-gap-default\">\n\t\t\t\t\t<div class=\"elementor-column elementor-col-25 elementor-top-column elementor-element elementor-element-5247637\" data-id=\"5247637\" data-element_type=\"column\" data-settings=\"{&quot;background_background&quot;:&quot;classic&quot;}\">\n\t\t\t<div class=\"elementor-widget-wrap elementor-element-populated\">\n\t\t\t\t\t\t<div class=\"elementor-element elementor-element-6029c0b elementor-widget elementor-widget-image\" data-id=\"6029c0b\" data-element_type=\"widget\" data-widget_type=\"image.default\">\n\t\t\t\t<div class=\"elementor-widget-container\">\n\t\t\t\t\t\t\t\t\t\t\t\t\t\t\t<img fetchpriority=\"high\" decoding=\"async\" width=\"300\" height=\"300\" src=\"https:\/\/www.escueladeverano.cr2.cl\/wp-content\/uploads\/2025\/09\/icono1.png\" class=\"attachment-large size-large wp-image-9591\" alt=\"\" srcset=\"https:\/\/www.escueladeverano.cr2.cl\/wp-content\/uploads\/2025\/09\/icono1.png 300w, https:\/\/www.escueladeverano.cr2.cl\/wp-content\/uploads\/2025\/09\/icono1-150x150.png 150w\" sizes=\"(max-width: 300px) 100vw, 300px\" \/>\t\t\t\t\t\t\t\t\t\t\t\t\t\t\t<\/div>\n\t\t\t\t<\/div>\n\t\t\t\t\t<\/div>\n\t\t<\/div>\n\t\t\t\t<div class=\"elementor-column elementor-col-25 elementor-top-column elementor-element elementor-element-0079843\" data-id=\"0079843\" data-element_type=\"column\">\n\t\t\t<div class=\"elementor-widget-wrap elementor-element-populated\">\n\t\t\t\t\t\t<div class=\"elementor-element elementor-element-3905da3 elementor-widget elementor-widget-text-editor\" data-id=\"3905da3\" data-element_type=\"widget\" data-widget_type=\"text-editor.default\">\n\t\t\t\t<div class=\"elementor-widget-container\">\n\t\t\t\t\t\t\t\t\t<p><strong>M\u00f3dulo 1: <\/strong>Eventos clim\u00e1ticos extremos: Mecanismos y proyecciones en un escenario de cambio clim\u00e1tico<\/p>\t\t\t\t\t\t\t\t<\/div>\n\t\t\t\t<\/div>\n\t\t\t\t<div class=\"elementor-element elementor-element-b192c31 elementor-widget-divider--view-line elementor-widget elementor-widget-divider\" data-id=\"b192c31\" data-element_type=\"widget\" data-widget_type=\"divider.default\">\n\t\t\t\t<div class=\"elementor-widget-container\">\n\t\t\t\t\t\t\t<div class=\"elementor-divider\">\n\t\t\t<span class=\"elementor-divider-separator\">\n\t\t\t\t\t\t<\/span>\n\t\t<\/div>\n\t\t\t\t\t\t<\/div>\n\t\t\t\t<\/div>\n\t\t\t\t<div class=\"elementor-element elementor-element-c4b8a63 elementor-widget elementor-widget-text-editor\" data-id=\"c4b8a63\" data-element_type=\"widget\" data-widget_type=\"text-editor.default\">\n\t\t\t\t<div class=\"elementor-widget-container\">\n\t\t\t\t\t\t\t\t\t<p>El primer m\u00f3dulo ofrece una base conceptual y metodol\u00f3gica sobre las amenazas clim\u00e1ticas y los eventos extremos asociados. En este m\u00f3dulo se abordar\u00e1n las definiciones de \u201cevento extremo\u201d considerando distintas amenazas en el contexto nacional y sudamericano, donde la misma magnitud f\u00edsica puede representar distintos niveles de amenaza seg\u00fan la vulnerabilidad local. Asimismo, se explorar\u00e1n sus causas, mecanismos f\u00edsicos responsables y sus proyecciones en un contexto de incertidumbre y clima cambiante.<\/p>\t\t\t\t\t\t\t\t<\/div>\n\t\t\t\t<\/div>\n\t\t\t\t\t<\/div>\n\t\t<\/div>\n\t\t\t\t<div class=\"elementor-column elementor-col-25 elementor-top-column elementor-element elementor-element-2e752c9\" data-id=\"2e752c9\" data-element_type=\"column\">\n\t\t\t<div class=\"elementor-widget-wrap elementor-element-populated\">\n\t\t\t\t\t\t<div class=\"elementor-element elementor-element-d8aa526 elementor-widget elementor-widget-image\" data-id=\"d8aa526\" data-element_type=\"widget\" data-widget_type=\"image.default\">\n\t\t\t\t<div class=\"elementor-widget-container\">\n\t\t\t\t\t\t\t\t\t\t\t\t\t\t\t<img decoding=\"async\" width=\"300\" height=\"300\" src=\"https:\/\/www.escueladeverano.cr2.cl\/wp-content\/uploads\/2025\/09\/icono3.png\" class=\"attachment-large size-large wp-image-9593\" alt=\"\" srcset=\"https:\/\/www.escueladeverano.cr2.cl\/wp-content\/uploads\/2025\/09\/icono3.png 300w, https:\/\/www.escueladeverano.cr2.cl\/wp-content\/uploads\/2025\/09\/icono3-150x150.png 150w\" sizes=\"(max-width: 300px) 100vw, 300px\" \/>\t\t\t\t\t\t\t\t\t\t\t\t\t\t\t<\/div>\n\t\t\t\t<\/div>\n\t\t\t\t\t<\/div>\n\t\t<\/div>\n\t\t\t\t<div class=\"elementor-column elementor-col-25 elementor-top-column elementor-element elementor-element-367aa9e\" data-id=\"367aa9e\" data-element_type=\"column\">\n\t\t\t<div class=\"elementor-widget-wrap elementor-element-populated\">\n\t\t\t\t\t\t<div class=\"elementor-element elementor-element-abeebbc elementor-widget elementor-widget-text-editor\" data-id=\"abeebbc\" data-element_type=\"widget\" data-widget_type=\"text-editor.default\">\n\t\t\t\t<div class=\"elementor-widget-container\">\n\t\t\t\t\t\t\t\t\t<p><strong>M\u00f3dulo 2: <\/strong>Vulnerabilidad e impactos sociales de los eventos clim\u00e1ticos extremos desde una perspectiva situada<\/p>\t\t\t\t\t\t\t\t<\/div>\n\t\t\t\t<\/div>\n\t\t\t\t<div class=\"elementor-element elementor-element-8223023 elementor-widget-divider--view-line elementor-widget elementor-widget-divider\" data-id=\"8223023\" data-element_type=\"widget\" data-widget_type=\"divider.default\">\n\t\t\t\t<div class=\"elementor-widget-container\">\n\t\t\t\t\t\t\t<div class=\"elementor-divider\">\n\t\t\t<span class=\"elementor-divider-separator\">\n\t\t\t\t\t\t<\/span>\n\t\t<\/div>\n\t\t\t\t\t\t<\/div>\n\t\t\t\t<\/div>\n\t\t\t\t<div class=\"elementor-element elementor-element-88f7754 elementor-widget elementor-widget-text-editor\" data-id=\"88f7754\" data-element_type=\"widget\" data-widget_type=\"text-editor.default\">\n\t\t\t\t<div class=\"elementor-widget-container\">\n\t\t\t\t\t\t\t\t\t<p>Este m\u00f3dulo aborda los impactos de los eventos clim\u00e1ticos extremos en diversos sistemas socioecol\u00f3gicos, desde un enfoque interdisciplinario. Se profundiza en la evaluaci\u00f3n de la vulnerabilidad de las poblaciones mediante una perspectiva multidimensional, considerando su sensibilidad y condiciones de vida, as\u00ed como los contextos territoriales, socioecon\u00f3micos y culturales que inciden en su capacidad de respuesta y adaptaci\u00f3n frente a estos eventos.<\/p>\t\t\t\t\t\t\t\t<\/div>\n\t\t\t\t<\/div>\n\t\t\t\t\t<\/div>\n\t\t<\/div>\n\t\t\t\t\t<\/div>\n\t\t<\/section>\n\t\t\t\t<section class=\"elementor-section elementor-top-section elementor-element elementor-element-1880a24 elementor-section-boxed elementor-section-height-default elementor-section-height-default wpr-particle-no wpr-jarallax-no wpr-parallax-no wpr-sticky-section-no\" data-id=\"1880a24\" data-element_type=\"section\">\n\t\t\t\t\t\t<div class=\"elementor-container elementor-column-gap-default\">\n\t\t\t\t\t<div class=\"elementor-column elementor-col-25 elementor-top-column elementor-element elementor-element-cad9f1c\" data-id=\"cad9f1c\" data-element_type=\"column\" data-settings=\"{&quot;background_background&quot;:&quot;classic&quot;}\">\n\t\t\t<div class=\"elementor-widget-wrap elementor-element-populated\">\n\t\t\t\t\t\t<div class=\"elementor-element elementor-element-4e507f3 elementor-widget elementor-widget-image\" data-id=\"4e507f3\" data-element_type=\"widget\" data-widget_type=\"image.default\">\n\t\t\t\t<div class=\"elementor-widget-container\">\n\t\t\t\t\t\t\t\t\t\t\t\t\t\t\t<img decoding=\"async\" width=\"300\" height=\"300\" src=\"https:\/\/www.escueladeverano.cr2.cl\/wp-content\/uploads\/2025\/09\/icono2.png\" class=\"attachment-large size-large wp-image-9594\" alt=\"\" srcset=\"https:\/\/www.escueladeverano.cr2.cl\/wp-content\/uploads\/2025\/09\/icono2.png 300w, https:\/\/www.escueladeverano.cr2.cl\/wp-content\/uploads\/2025\/09\/icono2-150x150.png 150w\" sizes=\"(max-width: 300px) 100vw, 300px\" \/>\t\t\t\t\t\t\t\t\t\t\t\t\t\t\t<\/div>\n\t\t\t\t<\/div>\n\t\t\t\t\t<\/div>\n\t\t<\/div>\n\t\t\t\t<div class=\"elementor-column elementor-col-25 elementor-top-column elementor-element elementor-element-e74fe2c\" data-id=\"e74fe2c\" data-element_type=\"column\">\n\t\t\t<div class=\"elementor-widget-wrap elementor-element-populated\">\n\t\t\t\t\t\t<div class=\"elementor-element elementor-element-f6dc4cb elementor-widget elementor-widget-text-editor\" data-id=\"f6dc4cb\" data-element_type=\"widget\" data-widget_type=\"text-editor.default\">\n\t\t\t\t<div class=\"elementor-widget-container\">\n\t\t\t\t\t\t\t\t\t<p><strong>M\u00f3dulo 3: <\/strong>Estrategias adaptativas y de acci\u00f3n clim\u00e1tica justa ante eventos clim\u00e1ticos extremos<\/p>\t\t\t\t\t\t\t\t<\/div>\n\t\t\t\t<\/div>\n\t\t\t\t<div class=\"elementor-element elementor-element-db4b279 elementor-widget-divider--view-line elementor-widget elementor-widget-divider\" data-id=\"db4b279\" data-element_type=\"widget\" data-widget_type=\"divider.default\">\n\t\t\t\t<div class=\"elementor-widget-container\">\n\t\t\t\t\t\t\t<div class=\"elementor-divider\">\n\t\t\t<span class=\"elementor-divider-separator\">\n\t\t\t\t\t\t<\/span>\n\t\t<\/div>\n\t\t\t\t\t\t<\/div>\n\t\t\t\t<\/div>\n\t\t\t\t<div class=\"elementor-element elementor-element-23dc681 elementor-widget elementor-widget-text-editor\" data-id=\"23dc681\" data-element_type=\"widget\" data-widget_type=\"text-editor.default\">\n\t\t\t\t<div class=\"elementor-widget-container\">\n\t\t\t\t\t\t\t\t\t<p>Este m\u00f3dulo profundiza en las estrategias de adaptaci\u00f3n y acci\u00f3n clim\u00e1tica frente a los desaf\u00edos que plantean los eventos clim\u00e1ticos extremos. A trav\u00e9s de un enfoque comparativo y situado -que reconoce condiciones, necesidades y saberes espec\u00edficos de cada territorio y comunidad-, se analizan experiencias locales y regionales, destacando marcos de acci\u00f3n, mecanismos de coordinaci\u00f3n intersectorial, buenas pr\u00e1cticas y experiencias de participaci\u00f3n comunitaria implementadas en distintos contextos, con el objetivo de avanzar hacia respuestas justas y efectivas.<\/p>\t\t\t\t\t\t\t\t<\/div>\n\t\t\t\t<\/div>\n\t\t\t\t\t<\/div>\n\t\t<\/div>\n\t\t\t\t<div class=\"elementor-column elementor-col-25 elementor-top-column elementor-element elementor-element-bc49588\" data-id=\"bc49588\" data-element_type=\"column\" data-settings=\"{&quot;background_background&quot;:&quot;classic&quot;}\">\n\t\t\t<div class=\"elementor-widget-wrap elementor-element-populated\">\n\t\t\t\t\t\t<div class=\"elementor-element elementor-element-fbb3f6c elementor-widget elementor-widget-image\" data-id=\"fbb3f6c\" data-element_type=\"widget\" data-widget_type=\"image.default\">\n\t\t\t\t<div class=\"elementor-widget-container\">\n\t\t\t\t\t\t\t\t\t\t\t\t\t\t\t<img loading=\"lazy\" decoding=\"async\" width=\"300\" height=\"300\" src=\"https:\/\/www.escueladeverano.cr2.cl\/wp-content\/uploads\/2025\/09\/icono4.png\" class=\"attachment-large size-large wp-image-9592\" alt=\"\" srcset=\"https:\/\/www.escueladeverano.cr2.cl\/wp-content\/uploads\/2025\/09\/icono4.png 300w, https:\/\/www.escueladeverano.cr2.cl\/wp-content\/uploads\/2025\/09\/icono4-150x150.png 150w\" sizes=\"(max-width: 300px) 100vw, 300px\" \/>\t\t\t\t\t\t\t\t\t\t\t\t\t\t\t<\/div>\n\t\t\t\t<\/div>\n\t\t\t\t\t<\/div>\n\t\t<\/div>\n\t\t\t\t<div class=\"elementor-column elementor-col-25 elementor-top-column elementor-element elementor-element-91bc5fa\" data-id=\"91bc5fa\" data-element_type=\"column\">\n\t\t\t<div class=\"elementor-widget-wrap elementor-element-populated\">\n\t\t\t\t\t\t<div class=\"elementor-element elementor-element-78824e7 elementor-widget elementor-widget-text-editor\" data-id=\"78824e7\" data-element_type=\"widget\" data-widget_type=\"text-editor.default\">\n\t\t\t\t<div class=\"elementor-widget-container\">\n\t\t\t\t\t\t\t\t\t<p><strong>M\u00f3dulo 4: <\/strong>Abordajes inter y transdisciplinarios de eventos clim\u00e1ticos extremos<\/p>\t\t\t\t\t\t\t\t<\/div>\n\t\t\t\t<\/div>\n\t\t\t\t<div class=\"elementor-element elementor-element-b88558a elementor-widget-divider--view-line elementor-widget elementor-widget-divider\" data-id=\"b88558a\" data-element_type=\"widget\" data-widget_type=\"divider.default\">\n\t\t\t\t<div class=\"elementor-widget-container\">\n\t\t\t\t\t\t\t<div class=\"elementor-divider\">\n\t\t\t<span class=\"elementor-divider-separator\">\n\t\t\t\t\t\t<\/span>\n\t\t<\/div>\n\t\t\t\t\t\t<\/div>\n\t\t\t\t<\/div>\n\t\t\t\t<div class=\"elementor-element elementor-element-17066ba elementor-widget elementor-widget-text-editor\" data-id=\"17066ba\" data-element_type=\"widget\" data-widget_type=\"text-editor.default\">\n\t\t\t\t<div class=\"elementor-widget-container\">\n\t\t\t\t\t\t\t\t\t<p>El m\u00f3dulo de cierre propone una mirada integral y multidimensional para comprender y abordar los eventos clim\u00e1ticos extremos, integrando enfoques inter y transdisciplinarios. Se incorporan perspectivas interseccionales, saberes locales y ancestrales, as\u00ed como pr\u00e1cticas comunitarias e institucionales. Adem\u00e1s, se consideran herramientas comunicacionales y psicosociales que promuevan enfoques participativos, contextualizados y orientados a la acci\u00f3n.<\/p>\t\t\t\t\t\t\t\t<\/div>\n\t\t\t\t<\/div>\n\t\t\t\t\t<\/div>\n\t\t<\/div>\n\t\t\t\t\t<\/div>\n\t\t<\/section>\n\t\t\t\t<\/div>\n\t\t","protected":false},"excerpt":{"rendered":"<p>Contenidos Los temas principales de la Escuela de Verano son: M\u00f3dulo 1: Eventos clim\u00e1ticos extremos: Mecanismos y proyecciones en un escenario de cambio clim\u00e1tico El primer m\u00f3dulo ofrece una base conceptual y metodol\u00f3gica sobre las amenazas clim\u00e1ticas y los eventos extremos asociados. En este m\u00f3dulo se abordar\u00e1n las definiciones de \u201cevento extremo\u201d considerando distintas amenazas en el contexto nacional y sudamericano, donde la misma magnitud f\u00edsica puede representar distintos niveles de amenaza seg\u00fan la vulnerabilidad local. Asimismo, se explorar\u00e1n sus causas, mecanismos f\u00edsicos responsables y sus proyecciones en un contexto de incertidumbre y clima cambiante. M\u00f3dulo 2: Vulnerabilidad e impactos sociales de los eventos clim\u00e1ticos extremos desde una perspectiva situada Este m\u00f3dulo aborda los impactos de los eventos clim\u00e1ticos extremos en diversos sistemas socioecol\u00f3gicos, desde un enfoque interdisciplinario. Se profundiza en la evaluaci\u00f3n de la vulnerabilidad de las poblaciones mediante una perspectiva multidimensional, considerando su sensibilidad y condiciones de vida, as\u00ed como los contextos territoriales, socioecon\u00f3micos y culturales que inciden en su capacidad de respuesta y adaptaci\u00f3n frente a estos eventos. M\u00f3dulo 3: Estrategias adaptativas y de acci\u00f3n clim\u00e1tica justa ante eventos clim\u00e1ticos extremos Este m\u00f3dulo profundiza en las estrategias de adaptaci\u00f3n y acci\u00f3n clim\u00e1tica frente a los desaf\u00edos que plantean los eventos clim\u00e1ticos extremos. A trav\u00e9s de un enfoque comparativo y situado -que reconoce condiciones, necesidades y saberes espec\u00edficos de cada territorio y comunidad-, se analizan experiencias locales y regionales, destacando marcos de acci\u00f3n, mecanismos de coordinaci\u00f3n intersectorial, buenas pr\u00e1cticas y experiencias de participaci\u00f3n comunitaria implementadas en distintos contextos, con el objetivo de avanzar hacia respuestas justas y efectivas. M\u00f3dulo 4: Abordajes inter y transdisciplinarios de eventos clim\u00e1ticos extremos El m\u00f3dulo de cierre propone una mirada integral y multidimensional para comprender y abordar los eventos clim\u00e1ticos extremos, integrando enfoques inter y transdisciplinarios. Se incorporan perspectivas interseccionales, saberes locales y ancestrales, as\u00ed como pr\u00e1cticas comunitarias e institucionales. Adem\u00e1s, se consideran herramientas comunicacionales y psicosociales que promuevan enfoques participativos, contextualizados y orientados a la acci\u00f3n.<\/p>\n","protected":false},"author":1,"featured_media":0,"parent":0,"menu_order":0,"comment_status":"closed","ping_status":"closed","template":"elementor_canvas","meta":{"footnotes":""},"class_list":["post-11","page","type-page","status-publish","hentry"],"_links":{"self":[{"href":"https:\/\/www.escueladeverano.cr2.cl\/index.php\/wp-json\/wp\/v2\/pages\/11","targetHints":{"allow":["GET"]}}],"collection":[{"href":"https:\/\/www.escueladeverano.cr2.cl\/index.php\/wp-json\/wp\/v2\/pages"}],"about":[{"href":"https:\/\/www.escueladeverano.cr2.cl\/index.php\/wp-json\/wp\/v2\/types\/page"}],"author":[{"embeddable":true,"href":"https:\/\/www.escueladeverano.cr2.cl\/index.php\/wp-json\/wp\/v2\/users\/1"}],"replies":[{"embeddable":true,"href":"https:\/\/www.escueladeverano.cr2.cl\/index.php\/wp-json\/wp\/v2\/comments?post=11"}],"version-history":[{"count":37,"href":"https:\/\/www.escueladeverano.cr2.cl\/index.php\/wp-json\/wp\/v2\/pages\/11\/revisions"}],"predecessor-version":[{"id":9736,"href":"https:\/\/www.escueladeverano.cr2.cl\/index.php\/wp-json\/wp\/v2\/pages\/11\/revisions\/9736"}],"wp:attachment":[{"href":"https:\/\/www.escueladeverano.cr2.cl\/index.php\/wp-json\/wp\/v2\/media?parent=11"}],"curies":[{"name":"wp","href":"https:\/\/api.w.org\/{rel}","templated":true}]}}